{"id":29,"date":"2026-01-18T16:57:51","date_gmt":"2026-01-18T16:57:51","guid":{"rendered":"http:\/\/wordpress-ag0wkccc0s44ock80w4044g8.132.145.170.29.sslip.io\/contact\/"},"modified":"2026-01-23T20:07:58","modified_gmt":"2026-01-23T20:07:58","slug":"contact","status":"publish","type":"page","link":"https:\/\/www.amasterworkcorp.com\/es\/contact\/","title":{"rendered":"Contacto"},"content":{"rendered":"<div data-elementor-type=\"wp-page\" data-elementor-id=\"29\" class=\"elementor elementor-29\">\n\t\t\t\t<div class=\"elementor-element elementor-element-6c491e81 e-con-full animated-fast e-flex elementor-invisible e-con e-parent\" data-id=\"6c491e81\" data-element_type=\"container\" data-settings=\"{&quot;animation&quot;:&quot;fadeIn&quot;}\">\n\t\t\t\t<div class=\"elementor-element elementor-element-93e1983 elementor-widget elementor-widget-flex-hero\" data-id=\"93e1983\" data-element_type=\"widget\" data-settings=\"{&quot;layout_preset&quot;:&quot;showcase&quot;,&quot;layout_column_structure&quot;:&quot;50-50&quot;,&quot;layout_image_position&quot;:&quot;end&quot;,&quot;primary_button_shape&quot;:&quot;default&quot;,&quot;secondary_button_shape&quot;:&quot;default&quot;,&quot;image_shape&quot;:&quot;sharp&quot;,&quot;box_shape&quot;:&quot;sharp&quot;}\" data-widget_type=\"flex-hero.default\">\n\t\t\t\t<div class=\"elementor-widget-container\">\n\t\t\t\t\t\t\t<div class=\"has-shape-sharp shape-type-box has-column-structure-50-50  ehp-flex-hero has-layout-preset-showcase has-image-position-end\">\n\t\t\t\t\t\t<div class=\"ehp-flex-hero__overlay\"><\/div>\n\t\t\t<div class=\"ehp-flex-hero__content-container\">\n\t\t\t\t<h2 class=\"ehp-flex-hero__heading\">CONT\u00c1CTENOS<\/h2><h3 class=\"ehp-flex-hero__subheading\">\u00bfDesea contratar nuestros servicios de cercado? Si desea programar una cita, despl\u00e1cese hacia abajo, seleccione una fecha y hora disponibles y complete sus datos. Si desea solicitar un presupuesto, haga clic o toque el bot\u00f3n de su idioma y complete el formulario. Si lo prefiere, puede contactarnos utilizando la informaci\u00f3n de contacto que aparece a continuaci\u00f3n.<\/h3>\t\t\t<div class=\"ehp-flex-hero__ctas-container\">\n\t\t\t\t\t\t<a class=\"has-shape-default shape-type-button ehp-button ehp-button--primary ehp-flex-hero__button ehp-flex-hero__button--primary is-type-button\" href=\"https:\/\/forms.amasterworkcorp.com\/forms\/contact-form\">\n\t\t\t\t\t<span class=\"ehp-button__text ehp-flex-hero__button-text ehp-flex-hero__button-text--primary\">\n\t\t\tEnglish\t\t\t\t<\/a>\n\t\t\t\t\t\t\t\t<a class=\"has-shape-default shape-type-button ehp-button ehp-button--secondary ehp-flex-hero__button ehp-flex-hero__button--secondary is-type-button has-border\" href=\"https:\/\/forms.amasterworkcorp.com\/forms\/contact-form-es\">\n\t\t\t\t\t<span class=\"ehp-button__text ehp-flex-hero__button-text ehp-flex-hero__button-text--secondary\">\n\t\t\tEspa\u00f1ol\t\t\t\t<\/a>\n\t\t\t\t\t<\/div>\n\t\t\t\t\t<\/div>\n\t\t\t\t<div class=\"ehp-flex-hero__image-wrapper\">\n\t\t\t\t\t<div class=\"ehp-image ehp-flex-hero__image-container\">\n\t\t\t\t<img decoding=\"async\" class=\"ehp-image__img ehp-flex-hero__img has-shape-sharp shape-type-image\" src=\"https:\/\/www.amasterworkcorp.com\/wp-content\/uploads\/2026\/01\/IMG-20260120-WA0024.jpg\" title=\"IMG-20260120-WA0024\" alt=\"IMG-20260120-WA0024\" loading=\"lazy\" \/>\t\t\t<\/div>\n\t\t\t\t\t<\/div>\n\t\t\t\t<\/div>\n\t\t\t\t\t\t<\/div>\n\t\t\t\t<\/div>\n\t\t\t\t<div class=\"elementor-element elementor-element-26daca4 elementor-widget elementor-widget-html\" data-id=\"26daca4\" data-element_type=\"widget\" data-widget_type=\"html.default\">\n\t\t\t\t\t<!-- Cal inline embed code begins -->\n<div style=\"width:100%;height:100%;overflow:scroll\" id=\"my-cal-inline-ipa\"><\/div>\n<script type=\"text\/javascript\">\n  (function (C, A, L) { let p = function (a, ar) { a.q.push(ar); }; let d = C.document; C.Cal = C.Cal || function () { let cal = C.Cal; let ar = arguments; if (!cal.loaded) { cal.ns = {}; cal.q = cal.q || []; d.head.appendChild(d.createElement(\"script\")).src = A; cal.loaded = true; } if (ar[0] === L) { const api = function () { p(api, arguments); }; const namespace = ar[1]; api.q = api.q || []; if(typeof namespace === \"string\"){cal.ns[namespace] = cal.ns[namespace] || api;p(cal.ns[namespace], ar);p(cal, [\"initNamespace\", namespace]);} else p(cal, ar); return;} p(cal, ar); }; })(window, \"https:\/\/appointments.amasterworkcorp.com\/embed\/embed.js\", \"init\");\nCal(\"init\", \"ipa\", {origin:\"https:\/\/appointments.amasterworkcorp.com\"});\n\n  Cal.ns.ipa(\"inline\", {\n    elementOrSelector:\"#my-cal-inline-ipa\",\n    config: {\"layout\":\"month_view\"},\n    calLink: \"appointment\/ipa\",\n  });\n\n  Cal.ns.ipa(\"ui\", {\"cssVarsPerTheme\":{\"light\":{\"cal-brand\":\"#292929\"},\"dark\":{\"cal-brand\":\"#C7A46C\"}},\"hideEventTypeDetails\":true,\"layout\":\"month_view\"});\n  <\/script>\n  <!-- Cal inline embed code ends -->\t\t\t\t<\/div>\n\t\t\t\t<div class=\"elementor-element elementor-element-175c89eb elementor-widget elementor-widget-contact\" data-id=\"175c89eb\" data-element_type=\"widget\" data-settings=\"{&quot;map_shape&quot;:&quot;custom&quot;,&quot;box_shape&quot;:&quot;custom&quot;,&quot;layout_column_structure&quot;:&quot;50-50&quot;,&quot;map_position_horizontal&quot;:&quot;end&quot;,&quot;map_position_horizontal_tablet&quot;:&quot;end&quot;,&quot;map_position_horizontal_mobile&quot;:&quot;end&quot;}\" data-widget_type=\"contact.default\">\n\t\t\t\t<div class=\"elementor-widget-container\">\n\t\t\t\t\t\t\t<div class=\"has-shape-custom shape-type-box ehp-contact has-preset-locate\">\n\t\t\t<div class=\"ehp-contact__overlay\"><\/div>\n\t\t\t<div class=\"has-column-structure-50-50  ehp-contact__elements-container has-map-h-position-end has-map-h-position-md-end has-map-h-position-sm-end\">\n\t\t\t\t\t\t<div class=\"ehp-contact__text-container\">\n\t\t\t<div class=\"ehp-contact__headings\">\n\t\t\t\t\t\t\t<\/div>\n\t\t\t<div class=\"ehp-contact__groups\">\n\t\t\t\t\t\t<div class=\"ehp-contact__group\">\n\t\t\t<h3 class=\"ehp-contact__subheading\">Hablemos<\/h3>\t\t<div class=\"ehp-contact__links-container\">\n\t\t\t\t\t\t\t<a aria-label=\"+1 786 333 4034 (English)\" class=\"ehp-contact__contact-link\" href=\"tel:+17863334034\" rel=\"noopener noreferrer\">\n\t\t\t\t\t<svg aria-hidden=\"true\" class=\"ehp-contact__contact-link-icon e-font-icon-svg e-fas-phone-alt\" viewbox=\"0 0 512 512\" xmlns=\"http:\/\/www.w3.org\/2000\/svg\"><path d=\"M497.39 361.8l-112-48a24 24 0 0 0-28 6.9l-49.6 60.6A370.66 370.66 0 0 1 130.6 204.11l60.6-49.6a23.94 23.94 0 0 0 6.9-28l-48-112A24.16 24.16 0 0 0 122.6.61l-104 24A24 24 0 0 0 0 48c0 256.5 207.9 464 464 464a24 24 0 0 0 23.4-18.6l24-104a24.29 24.29 0 0 0-14.01-27.6z\"><\/path><\/svg><span class=\"ehp-contact__contact-link-label\">+1 786 333 4034 (English)<\/span>\t\t\t\t<\/a>\n\t\t\t\t\t\t\t\t<a aria-label=\"+1 786 333 9810 (Espa\u00f1ol)\" class=\"ehp-contact__contact-link\" href=\"tel:+17863339810\" rel=\"noopener noreferrer\">\n\t\t\t\t\t<svg aria-hidden=\"true\" class=\"ehp-contact__contact-link-icon e-font-icon-svg e-fas-phone-alt\" viewbox=\"0 0 512 512\" xmlns=\"http:\/\/www.w3.org\/2000\/svg\"><path d=\"M497.39 361.8l-112-48a24 24 0 0 0-28 6.9l-49.6 60.6A370.66 370.66 0 0 1 130.6 204.11l60.6-49.6a23.94 23.94 0 0 0 6.9-28l-48-112A24.16 24.16 0 0 0 122.6.61l-104 24A24 24 0 0 0 0 48c0 256.5 207.9 464 464 464a24 24 0 0 0 23.4-18.6l24-104a24.29 24.29 0 0 0-14.01-27.6z\"><\/path><\/svg><span class=\"ehp-contact__contact-link-label\">+1 786 333 9810 (Espa\u00f1ol)<\/span>\t\t\t\t<\/a>\n\t\t\t\t\t\t\t\t<a aria-label=\"ale@amasterworkcorp.com\" class=\"ehp-contact__contact-link\" href=\"mailto:contact@amasterworkcorp.com\" rel=\"noopener noreferrer\">\n\t\t\t\t\t<svg aria-hidden=\"true\" class=\"ehp-contact__contact-link-icon e-font-icon-svg e-fas-envelope\" viewbox=\"0 0 512 512\" xmlns=\"http:\/\/www.w3.org\/2000\/svg\"><path d=\"M502.3 190.8c3.9-3.1 9.7-.2 9.7 4.7V400c0 26.5-21.5 48-48 48H48c-26.5 0-48-21.5-48-48V195.6c0-5 5.7-7.8 9.7-4.7 22.4 17.4 52.1 39.5 154.1 113.6 21.1 15.4 56.7 47.8 92.2 47.6 35.7.3 72-32.8 92.3-47.6 102-74.1 131.6-96.3 154-113.7zM256 320c23.2.4 56.6-29.2 73.4-41.4 132.7-96.3 142.8-104.7 173.4-128.7 5.8-4.5 9.2-11.5 9.2-18.9v-19c0-26.5-21.5-48-48-48H48C21.5 64 0 85.5 0 112v19c0 7.4 3.4 14.3 9.2 18.9 30.6 23.9 40.7 32.4 173.4 128.7 16.8 12.2 50.2 41.8 73.4 41.4z\"><\/path><\/svg><span class=\"ehp-contact__contact-link-label\">ale@amasterworkcorp.com<\/span>\t\t\t\t<\/a>\n\t\t\t\t\t\t<\/div>\n\t\t\t\t<\/div>\n\t\t\t\t<div class=\"ehp-contact__group\">\n\t\t\t<h3 class=\"ehp-contact__subheading\">Horas<\/h3><p class=\"ehp-contact__contact-text\">Mon - Sat  9am-5pm<\/p>\t\t<\/div>\n\t\t\t\t<div class=\"ehp-contact__group\">\n\t\t\t<h3 class=\"ehp-contact__subheading\">Redes sociales<\/h3>\t\t<div class=\"ehp-contact__social-icons-container\">\n\t\t\t\t\t\t\t<a aria-label=\"Instagram\" class=\"ehp-contact__social-link\" rel=\"noopener noreferrer\" href=\"https:\/\/www.facebook.com\/amasterworkcorp\">\n\t\t\t\t\t<svg aria-hidden=\"true\" class=\"ehp-contact__contact-social-icon e-font-icon-svg e-fab-facebook-f\" viewbox=\"0 0 320 512\" xmlns=\"http:\/\/www.w3.org\/2000\/svg\"><path d=\"M279.14 288l14.22-92.66h-88.91v-60.13c0-25.35 12.42-50.06 52.24-50.06h40.42V6.26S260.43 0 225.36 0c-73.22 0-121.08 44.38-121.08 124.72v70.62H22.89V288h81.39v224h100.17V288z\"><\/path><\/svg>\t\t\t\t<\/a>\n\t\t\t\t\t\t<\/div>\n\t\t\t\t<\/div>\n\t\t\t\t\t<\/div>\n\t\t<\/div>\n\t\t\t\t<div class=\"ehp-contact__map-container\">\n\t\t\t<div class=\"has-shape-custom shape-type-map ehp-contact__map elementor-custom-embed has-border\">\n\t\t\t\t<iframe loading=\"lazy\"\n\t\t\t\t\t\tsrc=\"https:\/\/www.google.com\/maps\/embed\/v1\/place?key=AIzaSyAzqf0xv3_5q1gOYICupUhUZ4nO-ZeZtYQ&#038;q=3901%20West%2018%20Ave.%20Bay%20%23904%2C%20Hialeah%2C%20FL&#038;zoom=14\"\n\t\t\t\t\t\ttitle=\"3901 West 18 Ave. Bay #904, Hialeah, FL\"\n\t\t\t\t\t\taria-label=\"3901 West 18 Ave. Bay #904, Hialeah, FL\"\n\t\t\t\t><\/iframe>\n\t\t\t<\/div>\n\t\t<\/div>\n\t\t\t\t\t<\/div>\n\t\t<\/div>\n\t\t\t\t\t\t<\/div>\n\t\t\t\t<\/div>\n\t\t\t\t<\/div>\n\t\t\t\t<\/div>","protected":false},"excerpt":{"rendered":"<p>CONTACT US Want to use our fencing services? If you want an appointment, scroll down and select an available date &amp; time and fill out your details. If you want a quote, click or tap on the button of your language and fill out the form! Otherwise, you can reach us using the details below. [&hellip;]<\/p>","protected":false},"author":1,"featured_media":0,"parent":0,"menu_order":0,"comment_status":"closed","ping_status":"closed","template":"elementor_header_footer","meta":{"_eb_attr":"","footnotes":""},"class_list":["post-29","page","type-page","status-publish","hentry"],"yoast_head":"<!-- This site is optimized with the Yoast SEO plugin v26.7 - https:\/\/yoast.com\/wordpress\/plugins\/seo\/ -->\n<title>Contact - A Master Work Corp<\/title>\n<meta name=\"robots\" content=\"index, follow, max-snippet:-1, max-image-preview:large, max-video-preview:-1\" \/>\n<link rel=\"canonical\" href=\"https:\/\/www.amasterworkcorp.com\/es\/contact\/\" \/>\n<meta property=\"og:locale\" content=\"es_ES\" \/>\n<meta property=\"og:type\" content=\"article\" \/>\n<meta property=\"og:title\" content=\"Contact - A Master Work Corp\" \/>\n<meta property=\"og:description\" content=\"CONTACT US Want to use our fencing services? If you want an appointment, scroll down and select an available date &amp; time and fill out your details. If you want a quote, click or tap on the button of your language and fill out the form! Otherwise, you can reach us using the details below. [&hellip;]\" \/>\n<meta property=\"og:url\" content=\"https:\/\/www.amasterworkcorp.com\/es\/contact\/\" \/>\n<meta property=\"og:site_name\" content=\"A Master Work Corp\" \/>\n<meta property=\"article:publisher\" content=\"https:\/\/www.facebook.com\/amasterworkcorp\/\" \/>\n<meta property=\"article:modified_time\" content=\"2026-01-23T20:07:58+00:00\" \/>\n<meta property=\"og:image\" content=\"https:\/\/amasterworkcorp.com\/wp-content\/uploads\/2026\/01\/IMG-20260120-WA0024.jpg\" \/>\n<meta name=\"twitter:card\" content=\"summary_large_image\" \/>\n<meta name=\"twitter:label1\" content=\"Tiempo de lectura\" \/>\n\t<meta name=\"twitter:data1\" content=\"1 minuto\" \/>\n<script type=\"application\/ld+json\" class=\"yoast-schema-graph\">{\"@context\":\"https:\/\/schema.org\",\"@graph\":[{\"@type\":\"WebPage\",\"@id\":\"https:\/\/www.amasterworkcorp.com\/contact\/\",\"url\":\"https:\/\/www.amasterworkcorp.com\/contact\/\",\"name\":\"Contact - A Master Work Corp\",\"isPartOf\":{\"@id\":\"https:\/\/www.amasterworkcorp.com\/#website\"},\"primaryImageOfPage\":{\"@id\":\"https:\/\/www.amasterworkcorp.com\/contact\/#primaryimage\"},\"image\":{\"@id\":\"https:\/\/www.amasterworkcorp.com\/contact\/#primaryimage\"},\"thumbnailUrl\":\"https:\/\/amasterworkcorp.com\/wp-content\/uploads\/2026\/01\/IMG-20260120-WA0024.jpg\",\"datePublished\":\"2026-01-18T16:57:51+00:00\",\"dateModified\":\"2026-01-23T20:07:58+00:00\",\"breadcrumb\":{\"@id\":\"https:\/\/www.amasterworkcorp.com\/contact\/#breadcrumb\"},\"inLanguage\":\"es\",\"potentialAction\":[{\"@type\":\"ReadAction\",\"target\":[\"https:\/\/www.amasterworkcorp.com\/contact\/\"]}]},{\"@type\":\"ImageObject\",\"inLanguage\":\"es\",\"@id\":\"https:\/\/www.amasterworkcorp.com\/contact\/#primaryimage\",\"url\":\"https:\/\/amasterworkcorp.com\/wp-content\/uploads\/2026\/01\/IMG-20260120-WA0024.jpg\",\"contentUrl\":\"https:\/\/amasterworkcorp.com\/wp-content\/uploads\/2026\/01\/IMG-20260120-WA0024.jpg\"},{\"@type\":\"BreadcrumbList\",\"@id\":\"https:\/\/www.amasterworkcorp.com\/contact\/#breadcrumb\",\"itemListElement\":[{\"@type\":\"ListItem\",\"position\":1,\"name\":\"Home\",\"item\":\"https:\/\/www.amasterworkcorp.com\/\"},{\"@type\":\"ListItem\",\"position\":2,\"name\":\"Contact\"}]},{\"@type\":\"WebSite\",\"@id\":\"https:\/\/www.amasterworkcorp.com\/#website\",\"url\":\"https:\/\/www.amasterworkcorp.com\/\",\"name\":\"A Master Work Corp\",\"description\":\"Website for A Master Work Corp.\",\"publisher\":{\"@id\":\"https:\/\/www.amasterworkcorp.com\/#organization\"},\"potentialAction\":[{\"@type\":\"SearchAction\",\"target\":{\"@type\":\"EntryPoint\",\"urlTemplate\":\"https:\/\/www.amasterworkcorp.com\/?s={search_term_string}\"},\"query-input\":{\"@type\":\"PropertyValueSpecification\",\"valueRequired\":true,\"valueName\":\"search_term_string\"}}],\"inLanguage\":\"es\"},{\"@type\":\"Organization\",\"@id\":\"https:\/\/www.amasterworkcorp.com\/#organization\",\"name\":\"A Master Work Corp.\",\"url\":\"https:\/\/www.amasterworkcorp.com\/\",\"logo\":{\"@type\":\"ImageObject\",\"inLanguage\":\"es\",\"@id\":\"https:\/\/www.amasterworkcorp.com\/#\/schema\/logo\/image\/\",\"url\":\"https:\/\/amasterworkcorp.com\/wp-content\/uploads\/2026\/01\/Studio-Project.png\",\"contentUrl\":\"https:\/\/amasterworkcorp.com\/wp-content\/uploads\/2026\/01\/Studio-Project.png\",\"width\":1404,\"height\":708,\"caption\":\"A Master Work Corp.\"},\"image\":{\"@id\":\"https:\/\/www.amasterworkcorp.com\/#\/schema\/logo\/image\/\"},\"sameAs\":[\"https:\/\/www.facebook.com\/amasterworkcorp\/\"]}]}<\/script>\n<!-- \/ Yoast SEO plugin. -->","yoast_head_json":{"title":"Contact - A Master Work Corp","robots":{"index":"index","follow":"follow","max-snippet":"max-snippet:-1","max-image-preview":"max-image-preview:large","max-video-preview":"max-video-preview:-1"},"canonical":"https:\/\/www.amasterworkcorp.com\/es\/contact\/","og_locale":"es_ES","og_type":"article","og_title":"Contact - A Master Work Corp","og_description":"CONTACT US Want to use our fencing services? If you want an appointment, scroll down and select an available date &amp; time and fill out your details. If you want a quote, click or tap on the button of your language and fill out the form! Otherwise, you can reach us using the details below. [&hellip;]","og_url":"https:\/\/www.amasterworkcorp.com\/es\/contact\/","og_site_name":"A Master Work Corp","article_publisher":"https:\/\/www.facebook.com\/amasterworkcorp\/","article_modified_time":"2026-01-23T20:07:58+00:00","og_image":[{"url":"https:\/\/amasterworkcorp.com\/wp-content\/uploads\/2026\/01\/IMG-20260120-WA0024.jpg","type":"","width":"","height":""}],"twitter_card":"summary_large_image","twitter_misc":{"Tiempo de lectura":"1 minuto"},"schema":{"@context":"https:\/\/schema.org","@graph":[{"@type":"WebPage","@id":"https:\/\/www.amasterworkcorp.com\/contact\/","url":"https:\/\/www.amasterworkcorp.com\/contact\/","name":"Contact - A Master Work Corp","isPartOf":{"@id":"https:\/\/www.amasterworkcorp.com\/#website"},"primaryImageOfPage":{"@id":"https:\/\/www.amasterworkcorp.com\/contact\/#primaryimage"},"image":{"@id":"https:\/\/www.amasterworkcorp.com\/contact\/#primaryimage"},"thumbnailUrl":"https:\/\/amasterworkcorp.com\/wp-content\/uploads\/2026\/01\/IMG-20260120-WA0024.jpg","datePublished":"2026-01-18T16:57:51+00:00","dateModified":"2026-01-23T20:07:58+00:00","breadcrumb":{"@id":"https:\/\/www.amasterworkcorp.com\/contact\/#breadcrumb"},"inLanguage":"es","potentialAction":[{"@type":"ReadAction","target":["https:\/\/www.amasterworkcorp.com\/contact\/"]}]},{"@type":"ImageObject","inLanguage":"es","@id":"https:\/\/www.amasterworkcorp.com\/contact\/#primaryimage","url":"https:\/\/amasterworkcorp.com\/wp-content\/uploads\/2026\/01\/IMG-20260120-WA0024.jpg","contentUrl":"https:\/\/amasterworkcorp.com\/wp-content\/uploads\/2026\/01\/IMG-20260120-WA0024.jpg"},{"@type":"BreadcrumbList","@id":"https:\/\/www.amasterworkcorp.com\/contact\/#breadcrumb","itemListElement":[{"@type":"ListItem","position":1,"name":"Home","item":"https:\/\/www.amasterworkcorp.com\/"},{"@type":"ListItem","position":2,"name":"Contact"}]},{"@type":"WebSite","@id":"https:\/\/www.amasterworkcorp.com\/#website","url":"https:\/\/www.amasterworkcorp.com\/","name":"A Master Work Corp","description":"Website for A Master Work Corp.","publisher":{"@id":"https:\/\/www.amasterworkcorp.com\/#organization"},"potentialAction":[{"@type":"SearchAction","target":{"@type":"EntryPoint","urlTemplate":"https:\/\/www.amasterworkcorp.com\/?s={search_term_string}"},"query-input":{"@type":"PropertyValueSpecification","valueRequired":true,"valueName":"search_term_string"}}],"inLanguage":"es"},{"@type":"Organization","@id":"https:\/\/www.amasterworkcorp.com\/#organization","name":"A Master Work Corp.","url":"https:\/\/www.amasterworkcorp.com\/","logo":{"@type":"ImageObject","inLanguage":"es","@id":"https:\/\/www.amasterworkcorp.com\/#\/schema\/logo\/image\/","url":"https:\/\/amasterworkcorp.com\/wp-content\/uploads\/2026\/01\/Studio-Project.png","contentUrl":"https:\/\/amasterworkcorp.com\/wp-content\/uploads\/2026\/01\/Studio-Project.png","width":1404,"height":708,"caption":"A Master Work Corp."},"image":{"@id":"https:\/\/www.amasterworkcorp.com\/#\/schema\/logo\/image\/"},"sameAs":["https:\/\/www.facebook.com\/amasterworkcorp\/"]}]}},"_links":{"self":[{"href":"https:\/\/www.amasterworkcorp.com\/es\/wp-json\/wp\/v2\/pages\/29","targetHints":{"allow":["GET"]}}],"collection":[{"href":"https:\/\/www.amasterworkcorp.com\/es\/wp-json\/wp\/v2\/pages"}],"about":[{"href":"https:\/\/www.amasterworkcorp.com\/es\/wp-json\/wp\/v2\/types\/page"}],"author":[{"embeddable":true,"href":"https:\/\/www.amasterworkcorp.com\/es\/wp-json\/wp\/v2\/users\/1"}],"replies":[{"embeddable":true,"href":"https:\/\/www.amasterworkcorp.com\/es\/wp-json\/wp\/v2\/comments?post=29"}],"version-history":[{"count":79,"href":"https:\/\/www.amasterworkcorp.com\/es\/wp-json\/wp\/v2\/pages\/29\/revisions"}],"predecessor-version":[{"id":367,"href":"https:\/\/www.amasterworkcorp.com\/es\/wp-json\/wp\/v2\/pages\/29\/revisions\/367"}],"wp:attachment":[{"href":"https:\/\/www.amasterworkcorp.com\/es\/wp-json\/wp\/v2\/media?parent=29"}],"curies":[{"name":"wp","href":"https:\/\/api.w.org\/{rel}","templated":true}]}}